{"id":316,"date":"2025-11-25T17:15:56","date_gmt":"2025-11-25T16:15:56","guid":{"rendered":"https:\/\/direkter-service.de\/?page_id=316"},"modified":"2025-11-25T17:18:51","modified_gmt":"2025-11-25T16:18:51","slug":"haftungsausschluss","status":"publish","type":"page","link":"https:\/\/direkter-service.de\/index.php\/haftungsausschluss\/","title":{"rendered":"HAFTUNGSAUSSCHLUSS"},"content":{"rendered":"<h1><b>\u2b50 <\/b><b>HAFTUNGSAUSSCHLUSS<\/b><\/h1>\n<h2><b>1. Inhalt der Webseite<\/b><\/h2>\n<p class=\"p3\">Alle Inhalte wurden sorgf\u00e4ltig erstellt. Dennoch \u00fcbernehme ich keine Gew\u00e4hr f\u00fcr Richtigkeit, Vollst\u00e4ndigkeit und Aktualit\u00e4t.<\/p>\n<h2><b>2. Externe Links<\/b><\/h2>\n<p class=\"p3\">Diese Webseite enth\u00e4lt keine externen Links mit personenbezogener Daten\u00fcbertragung.<\/p>\n<p class=\"p3\">Sollten sp\u00e4ter Links erg\u00e4nzt werden, gilt: F\u00fcr Inhalte verlinkter Seiten bin ich nicht verantwortlich.<\/p>\n<h2><b>3. Urheberrecht<\/b><\/h2>\n<p class=\"p3\">Alle Illustrationen, 3D-Figuren (z. B. Paragrafi, Dollerchen, Euroni) sowie alle Designs sind <span class=\"s2\"><b>geistiges Eigentum von Olaf Wiener<\/b><\/span> und d\u00fcrfen ohne schriftliche Genehmigung nicht verwendet oder kopiert werden.<\/p>\n<p>&nbsp;<\/p>\n<h1><b>\u2b50 <\/b><b>COOKIE-HINWEIS (f\u00fcr Footer optional)<\/b><\/h1>\n<p class=\"p3\">Diese Webseite verwendet ausschlie\u00dflich technisch notwendige Cookies.<\/p>\n<p class=\"p4\"><span class=\"s2\">Es kommen <\/span><b>keine Tracking- oder Marketing-Cookies<\/b><span class=\"s2\"> zum Einsatz.<\/span><\/p>\n","protected":false},"excerpt":{"rendered":"<p>\u2b50 HAFTUNGSAUSSCHLUSS 1. Inhalt der Webseite Alle Inhalte wurden sorgf\u00e4ltig erstellt. Dennoch \u00fcbernehme ich keine Gew\u00e4hr f\u00fcr Richtigkeit, Vollst\u00e4ndigkeit und Aktualit\u00e4t. 2. Externe Links Diese Webseite enth\u00e4lt keine externen Links mit personenbezogener Daten\u00fcbertragung. Sollten sp\u00e4ter Links erg\u00e4nzt werden, gilt: F\u00fcr Inhalte verlinkter Seiten bin ich nicht verantwortlich. 3. Urheberrecht Alle Illustrationen, 3D-Figuren (z. B. Paragrafi, [&hellip;]<\/p>\n","protected":false},"author":2,"featured_media":0,"parent":0,"menu_order":0,"comment_status":"closed","ping_status":"closed","template":"","meta":{"footnotes":""},"class_list":["post-316","page","type-page","status-publish","hentry","post"],"_links":{"self":[{"href":"https:\/\/direkter-service.de\/index.php\/wp-json\/wp\/v2\/pages\/316","targetHints":{"allow":["GET"]}}],"collection":[{"href":"https:\/\/direkter-service.de\/index.php\/wp-json\/wp\/v2\/pages"}],"about":[{"href":"https:\/\/direkter-service.de\/index.php\/wp-json\/wp\/v2\/types\/page"}],"author":[{"embeddable":true,"href":"https:\/\/direkter-service.de\/index.php\/wp-json\/wp\/v2\/users\/2"}],"replies":[{"embeddable":true,"href":"https:\/\/direkter-service.de\/index.php\/wp-json\/wp\/v2\/comments?post=316"}],"version-history":[{"count":3,"href":"https:\/\/direkter-service.de\/index.php\/wp-json\/wp\/v2\/pages\/316\/revisions"}],"predecessor-version":[{"id":319,"href":"https:\/\/direkter-service.de\/index.php\/wp-json\/wp\/v2\/pages\/316\/revisions\/319"}],"wp:attachment":[{"href":"https:\/\/direkter-service.de\/index.php\/wp-json\/wp\/v2\/media?parent=316"}],"curies":[{"name":"wp","href":"https:\/\/api.w.org\/{rel}","templated":true}]}}