{"id":114,"date":"2025-08-23T22:13:53","date_gmt":"2025-08-23T20:13:53","guid":{"rendered":"https:\/\/direkter-service.de\/?page_id=114"},"modified":"2026-03-18T17:08:49","modified_gmt":"2026-03-18T16:08:49","slug":"mediengestaltung","status":"publish","type":"page","link":"https:\/\/direkter-service.de\/index.php\/leistungen\/mediengestaltung\/","title":{"rendered":"Mediengestaltung"},"content":{"rendered":"<h2>Mediengestaltung<\/h2>\n<section id=\"mediengestaltung\">Mit moderner Software und kreativen Ideen gestalte ich Medien f\u00fcr unterschiedliche Bereiche \u2013<br \/>\nvon Print bis Digital. Dabei nutze ich die<br \/>\n<strong>Adobe Creative Cloud 2025<\/strong> (Photoshop, Illustrator, InDesign)<br \/>\nsowie weitere Werkzeuge wie <strong>FreeCAD<\/strong>, um professionelle Ergebnisse zu erzielen.<\/p>\n<h3>Leistungen im Bereich Mediengestaltung:<\/h3>\n<ul>\n<li>Gestaltung von Logos, Flyern und Visitenkarten<\/li>\n<li>Entwicklung von Corporate Design &amp; Layouts<\/li>\n<li>Bildbearbeitung und Retusche<\/li>\n<li>Gestaltung von Webseiten und digitalen Medien<\/li>\n<li>Erstellung von 3D-Visualisierungen (z. B. technische Modelle, Produktdarstellungen)<\/li>\n<\/ul>\n<h3>Mein Ansatz:<\/h3>\n<p>Mediengestaltung bedeutet f\u00fcr mich, Technik und Kreativit\u00e4t zu verbinden.<br \/>\nJedes Projekt soll nicht nur funktional sein, sondern auch ein Gesicht haben,<br \/>\ndas zur Identit\u00e4t passt und einen bleibenden Eindruck hinterl\u00e4sst.<\/p>\n<h3>Beispiel: 3D-Gasflaschen aus Illustrator<\/h3>\n<p>Ein Beispiel meiner Arbeit ist die Erstellung von <strong>3D-Gasflaschen<\/strong> in Illustrator.<br \/>\nDie Modelle wurden in verschiedenen Perspektiven gestaltet und k\u00f6nnen f\u00fcr Print,<br \/>\nWebseiten oder technische Dokumentationen verwendet werden.<\/p>\n<p><!-- Beispielbilder einf\u00fcgen --><\/p>\n<div><img loading=\"lazy\" decoding=\"async\" class=\"alignnone wp-image-199\" src=\"https:\/\/direkter-service.de\/wp-content\/uploads\/2025\/08\/Ebene-Diagonal_Kragenfarbe-Dunkelgruenohne-Werbung-199x300.png\" alt=\"\" width=\"463\" height=\"700\" srcset=\"https:\/\/direkter-service.de\/wp-content\/uploads\/2025\/08\/Ebene-Diagonal_Kragenfarbe-Dunkelgruenohne-Werbung-199x300.png 199w, https:\/\/direkter-service.de\/wp-content\/uploads\/2025\/08\/Ebene-Diagonal_Kragenfarbe-Dunkelgruenohne-Werbung-678x1024.png 678w, https:\/\/direkter-service.de\/wp-content\/uploads\/2025\/08\/Ebene-Diagonal_Kragenfarbe-Dunkelgruenohne-Werbung-768x1161.png 768w, https:\/\/direkter-service.de\/wp-content\/uploads\/2025\/08\/Ebene-Diagonal_Kragenfarbe-Dunkelgruenohne-Werbung-1016x1536.png 1016w, https:\/\/direkter-service.de\/wp-content\/uploads\/2025\/08\/Ebene-Diagonal_Kragenfarbe-Dunkelgruenohne-Werbung-1355x2048.png 1355w, https:\/\/direkter-service.de\/wp-content\/uploads\/2025\/08\/Ebene-Diagonal_Kragenfarbe-Dunkelgruenohne-Werbung-600x907.png 600w, https:\/\/direkter-service.de\/wp-content\/uploads\/2025\/08\/Ebene-Diagonal_Kragenfarbe-Dunkelgruenohne-Werbung-scaled.png 1694w\" sizes=\"auto, (max-width: 463px) 100vw, 463px\" \/><\/div>\n<div class=\"media-gallery\"><\/div>\n<\/section>\n<section id=\"logo-beispiel\" class=\"beispielarbeiten\">\n<h2>Beispielarbeiten: Logo-Design<\/h2>\n<p>Jedes Unternehmen braucht ein starkes und einzigartiges Logo \u2013 es ist das<br \/>\nGesicht nach au\u00dfen und sorgt f\u00fcr Wiedererkennung. Auch f\u00fcr den<br \/>\n<strong>Direkter-Service<\/strong> habe ich ein eigenes Logo entworfen, das<br \/>\nmeinen Schwerpunkt auf IT, Handwerk und Kreativit\u00e4t verbindet.<\/p>\n<p><img loading=\"lazy\" decoding=\"async\" class=\"alignnone wp-image-47 size-full\" src=\"https:\/\/direkter-service.de\/wp-content\/uploads\/2025\/08\/Direkter-Service-Logo-seperat.png\" alt=\"\" width=\"425\" height=\"308\" srcset=\"https:\/\/direkter-service.de\/wp-content\/uploads\/2025\/08\/Direkter-Service-Logo-seperat.png 425w, https:\/\/direkter-service.de\/wp-content\/uploads\/2025\/08\/Direkter-Service-Logo-seperat-300x217.png 300w\" sizes=\"auto, (max-width: 425px) 100vw, 425px\" \/><\/p>\n<p>Beispiel-Logo Olaf Wiener<\/p>\n<div class=\"logo-container\"><\/div>\n<p>Gern entwickle ich auch f\u00fcr Sie ein individuelles Logo \u2013 abgestimmt auf<br \/>\nIhre Branche, Ihre Werte und Ihr Corporate Design.<\/p>\n<\/section>\n<div style=\"width: 720px;\" class=\"wp-video\"><video class=\"wp-video-shortcode\" id=\"video-114-1\" width=\"720\" height=\"405\" preload=\"metadata\" controls=\"controls\"><source type=\"video\/mp4\" src=\"https:\/\/direkter-service.de\/wp-content\/uploads\/2025\/11\/3D-Maskottchen-Aller-Art_Olaf-Wiener-1.mp4?_=1\" \/><a href=\"https:\/\/direkter-service.de\/wp-content\/uploads\/2025\/11\/3D-Maskottchen-Aller-Art_Olaf-Wiener-1.mp4\">https:\/\/direkter-service.de\/wp-content\/uploads\/2025\/11\/3D-Maskottchen-Aller-Art_Olaf-Wiener-1.mp4<\/a><\/video><\/div>\n","protected":false},"excerpt":{"rendered":"<p>Mediengestaltung Mit moderner Software und kreativen Ideen gestalte ich Medien f\u00fcr unterschiedliche Bereiche \u2013 von Print bis Digital. Dabei nutze ich die Adobe Creative Cloud 2025 (Photoshop, Illustrator, InDesign) sowie weitere Werkzeuge wie FreeCAD, um professionelle Ergebnisse zu erzielen. Leistungen im Bereich Mediengestaltung: Gestaltung von Logos, Flyern und Visitenkarten Entwicklung von Corporate Design &amp; Layouts [&hellip;]<\/p>\n","protected":false},"author":1,"featured_media":0,"parent":102,"menu_order":0,"comment_status":"closed","ping_status":"closed","template":"","meta":{"footnotes":""},"class_list":["post-114","page","type-page","status-publish","hentry","post"],"_links":{"self":[{"href":"https:\/\/direkter-service.de\/index.php\/wp-json\/wp\/v2\/pages\/114","targetHints":{"allow":["GET"]}}],"collection":[{"href":"https:\/\/direkter-service.de\/index.php\/wp-json\/wp\/v2\/pages"}],"about":[{"href":"https:\/\/direkter-service.de\/index.php\/wp-json\/wp\/v2\/types\/page"}],"author":[{"embeddable":true,"href":"https:\/\/direkter-service.de\/index.php\/wp-json\/wp\/v2\/users\/1"}],"replies":[{"embeddable":true,"href":"https:\/\/direkter-service.de\/index.php\/wp-json\/wp\/v2\/comments?post=114"}],"version-history":[{"count":11,"href":"https:\/\/direkter-service.de\/index.php\/wp-json\/wp\/v2\/pages\/114\/revisions"}],"predecessor-version":[{"id":373,"href":"https:\/\/direkter-service.de\/index.php\/wp-json\/wp\/v2\/pages\/114\/revisions\/373"}],"up":[{"embeddable":true,"href":"https:\/\/direkter-service.de\/index.php\/wp-json\/wp\/v2\/pages\/102"}],"wp:attachment":[{"href":"https:\/\/direkter-service.de\/index.php\/wp-json\/wp\/v2\/media?parent=114"}],"curies":[{"name":"wp","href":"https:\/\/api.w.org\/{rel}","templated":true}]}}