{"id":111,"date":"2025-08-23T22:11:01","date_gmt":"2025-08-23T20:11:01","guid":{"rendered":"https:\/\/direkter-service.de\/?page_id=111"},"modified":"2026-03-18T16:52:06","modified_gmt":"2026-03-18T15:52:06","slug":"it-dokumentation","status":"publish","type":"page","link":"https:\/\/direkter-service.de\/index.php\/leistungen\/it-dokumentation\/","title":{"rendered":"IT &#038; Dokumentation"},"content":{"rendered":"<h2>IT &amp; Dokumentation<\/h2>\n<section><\/section>\n<section id=\"it-dokumentation\">Die IT hat nicht nur in Firmen Einzug erhalten, sondern auch in den kleinsten Haushalten.<br \/>\nMit richtiger Anwendung k\u00f6nnen <strong>Hardware, Software und KI-Systeme<\/strong> sowohl f\u00fcr Unternehmen<br \/>\nals auch f\u00fcr \u00e4ltere Menschen und Menschen mit Behinderungen eine wertvolle Hilfe sein.Denn viele Menschen haben \u2013 mit Recht \u2013 kein Vertrauen zur IT und werden oft \u00fcbergangen,<br \/>\nobwohl bei richtiger Einsetzung und Betreuung jeder Mensch seine Unterst\u00fctzung bekommen k\u00f6nnte.Ein kleines Beispiel: <strong>Waschmaschinen, Trockner, Staubsauger, K\u00fchlschr\u00e4nke und Fernseher<\/strong><br \/>\nsind mittlerweile ebenfalls computergesteuert und k\u00f6nnten zu einer Einheit zusammengefasst werden \u2013<br \/>\nwenn nicht der Konkurrenzkampf innerhalb der IT-Systeme selbst im Wege st\u00fcnde.Dieses Problem zeigt sich auch in der <strong>Netzwerktechnik<\/strong>:<br \/>\nEs wird unterschieden zwischen professioneller (teurer) und Kundenhardware (g\u00fcnstiger).<br \/>\nBeide Arten von Hardware k\u00f6nnen jedoch mit der passenden Software dasselbe Ziel erreichen:<br \/>\neine funktionale und stabile Netzwerkgestaltung.<\/p>\n<p>Auch bei einer passenden <strong>Dokumentation<\/strong> werden W\u00fcnsche und Zukunftspl\u00e4ne sichtbar,<br \/>\ndie vorausschauend eingeplant werden k\u00f6nnen \u2013 auch wenn sie zum Zeitpunkt noch nicht notwendig erscheinen.<\/p>\n<p>Bei guter Planung lassen sich Wohnungen so an die Zukunft anpassen, dass Kabelsalat und \u00e4hnliche Probleme<br \/>\nkaum noch Einfluss haben. Auch bei h\u00f6henverstellbaren Tischen ist eine richtige Planung wichtig,<br \/>\nda sich dadurch durchdachte Kabelb\u00e4ume erstellen lassen, die Kabelbr\u00fcche vor Ort verhindern.<\/p>\n<p>Viele Fehlerquellen entstehen nicht durch die Technik selbst, sondern fast immer durch<br \/>\n<strong>mangelnde Planung und ungenauen Aufbau<\/strong>.<\/p>\n<\/section>\n<section id=\"praxis-kabelbaeume\">\n<h2>Praxisbeispiel: Kabelmanagement &amp; Kabelb\u00e4ume<\/h2>\n<p>In meiner Arbeit habe ich den Bau von <strong>Kabelb\u00e4umen<\/strong> vorgeschlagen.<br \/>\nDie Umsetzung ist erstaunlich einfach: Mit einem Brett, Schrauben und farblichen Markierungen<br \/>\nlassen sich Ausgangspunkte festlegen, Kabel sauber verbinden und sp\u00e4ter verkleiden.<\/p>\n<h3>Die Vorteile im \u00dcberblick:<\/h3>\n<ul>\n<li>Ordnung und \u00dcbersichtlichkeit<\/li>\n<li>Deutlich geringere Gefahr von Kabelbr\u00fcchen<\/li>\n<li>Bessere <strong>Materialwirtschaft<\/strong>, da der Kabelbedarf klar kalkuliert werden kann<\/li>\n<\/ul>\n<p>Durch solch einfache, aber durchdachte Planung entsteht nicht nur eine saubere Struktur,<br \/>\nsondern auch langfristige Stabilit\u00e4t im gesamten IT-Umfeld.<\/p>\n<\/section>\n<section id=\"praxis-rollout\">\n<h2>Praxisbeispiel: Rollout von 550 Notebooks<\/h2>\n<p>\u00dcber pers\u00f6nliche Kontakte erhielt ich die M\u00f6glichkeit, in einem IT-Projekt mitzuwirken.<br \/>\nMeine Aufgabe war zun\u00e4chst klar definiert: <strong>Notebooks neu aufstellen und vorbereiten<\/strong> \u2013<br \/>\nsprich, die \u201eDrecksarbeit\u201c, die sonst keiner machen wollte.<\/p>\n<p>Da meine Chancen auf dem Arbeitsmarkt eingeschr\u00e4nkt waren, nahm ich diesen Job an.<br \/>\nMir wurde geraten, die Gelegenheit zu nutzen, um dauerhaft im Beruf Fu\u00df zu fassen.<br \/>\nSchon nach kurzer Zeit zeigte sich, dass ich in der Lage war, den kompletten<br \/>\n<strong>Rollout von 550 Notebooks mit Windows 10<\/strong> eigenst\u00e4ndig zu organisieren und umzusetzen.<\/p>\n<p>Ich richtete mir daf\u00fcr ein eigenes B\u00fcro ein, stellte die Tische in U-Form auf und<br \/>\nbaute ein kleines Netzwerk mit Dockingstationen auf, die sowohl f\u00fcr PCs als auch f\u00fcr Notebooks geeignet waren.<\/p>\n<h3>Meine Arbeitsweise:<\/h3>\n<ul>\n<li>Bis zu 18 Notebooks pro Tag vorbereitet<\/li>\n<li>Jedes Ger\u00e4t beschriftet, mit Code versehen und per Scanner in eine Excel-Tabelle eingetragen<\/li>\n<li>Verpackung und Notebook erhielten nach getaner Arbeit einen eindeutigen \u201eOK\u201c-Aufkleber<\/li>\n<\/ul>\n<p><img loading=\"lazy\" decoding=\"async\" class=\"wp-image-154 size-large alignnone\" src=\"https:\/\/direkter-service.de\/wp-content\/uploads\/2025\/08\/Rollout-Mit-SW-4-1024x768.png\" alt=\"\" width=\"720\" height=\"540\" srcset=\"https:\/\/direkter-service.de\/wp-content\/uploads\/2025\/08\/Rollout-Mit-SW-4-1024x768.png 1024w, https:\/\/direkter-service.de\/wp-content\/uploads\/2025\/08\/Rollout-Mit-SW-4-300x225.png 300w, https:\/\/direkter-service.de\/wp-content\/uploads\/2025\/08\/Rollout-Mit-SW-4-768x576.png 768w, https:\/\/direkter-service.de\/wp-content\/uploads\/2025\/08\/Rollout-Mit-SW-4-1536x1152.png 1536w, https:\/\/direkter-service.de\/wp-content\/uploads\/2025\/08\/Rollout-Mit-SW-4-2048x1536.png 2048w, https:\/\/direkter-service.de\/wp-content\/uploads\/2025\/08\/Rollout-Mit-SW-4-600x450.png 600w\" sizes=\"auto, (max-width: 720px) 100vw, 720px\" \/><\/p>\n<p>Die Idee mit dem Scanner kam von einem Kollegen, der sah, wie stark mich die Leitung belastete.<br \/>\nMit seiner Hilfe wurde die Arbeit deutlich leichter.<br \/>\nIm Laufe der Zeit gelang es mir auch, mit Kollegen, die sich zun\u00e4chst in meine Arbeit dr\u00e4ngten,<br \/>\nkonstruktiv zusammenzuarbeiten.<br \/>\nSo entstand gegenseitige Unterst\u00fctzung, und einige stellten sich sogar sch\u00fctzend hinter mich.<\/p>\n<blockquote><p>\u201eDu behauptest immer, du kannst kein Englisch und nicht programmieren \u2013<br \/>\naber wenn du Englisch und PHP\/Java lesen kannst, dann kannst du es auch sprechen.\u201c<\/p><\/blockquote>\n<p>Dieses Rollout war f\u00fcr mich nicht nur ein technisches Projekt, sondern auch ein Beispiel daf\u00fcr,<br \/>\nwie man sich durch Eigeninitiative, Struktur und Zusammenarbeit Respekt erarbeitet<br \/>\nund ein gro\u00dfes Projekt erfolgreich abschlie\u00dft.<\/p>\n<\/section>\n","protected":false},"excerpt":{"rendered":"<p>IT &amp; Dokumentation Die IT hat nicht nur in Firmen Einzug erhalten, sondern auch in den kleinsten Haushalten. Mit richtiger Anwendung k\u00f6nnen Hardware, Software und KI-Systeme sowohl f\u00fcr Unternehmen als auch f\u00fcr \u00e4ltere Menschen und Menschen mit Behinderungen eine wertvolle Hilfe sein.Denn viele Menschen haben \u2013 mit Recht \u2013 kein Vertrauen zur IT und werden [&hellip;]<\/p>\n","protected":false},"author":1,"featured_media":0,"parent":102,"menu_order":0,"comment_status":"closed","ping_status":"closed","template":"","meta":{"footnotes":""},"class_list":["post-111","page","type-page","status-publish","hentry","post"],"_links":{"self":[{"href":"https:\/\/direkter-service.de\/index.php\/wp-json\/wp\/v2\/pages\/111","targetHints":{"allow":["GET"]}}],"collection":[{"href":"https:\/\/direkter-service.de\/index.php\/wp-json\/wp\/v2\/pages"}],"about":[{"href":"https:\/\/direkter-service.de\/index.php\/wp-json\/wp\/v2\/types\/page"}],"author":[{"embeddable":true,"href":"https:\/\/direkter-service.de\/index.php\/wp-json\/wp\/v2\/users\/1"}],"replies":[{"embeddable":true,"href":"https:\/\/direkter-service.de\/index.php\/wp-json\/wp\/v2\/comments?post=111"}],"version-history":[{"count":10,"href":"https:\/\/direkter-service.de\/index.php\/wp-json\/wp\/v2\/pages\/111\/revisions"}],"predecessor-version":[{"id":363,"href":"https:\/\/direkter-service.de\/index.php\/wp-json\/wp\/v2\/pages\/111\/revisions\/363"}],"up":[{"embeddable":true,"href":"https:\/\/direkter-service.de\/index.php\/wp-json\/wp\/v2\/pages\/102"}],"wp:attachment":[{"href":"https:\/\/direkter-service.de\/index.php\/wp-json\/wp\/v2\/media?parent=111"}],"curies":[{"name":"wp","href":"https:\/\/api.w.org\/{rel}","templated":true}]}}