{"id":102,"date":"2025-08-23T21:58:02","date_gmt":"2025-08-23T19:58:02","guid":{"rendered":"https:\/\/direkter-service.de\/?page_id=102"},"modified":"2026-03-18T16:53:52","modified_gmt":"2026-03-18T15:53:52","slug":"leistungen","status":"publish","type":"page","link":"https:\/\/direkter-service.de\/index.php\/leistungen\/","title":{"rendered":"Leistungen"},"content":{"rendered":"<h2>Leistungen<\/h2>\n<section><\/section>\n<section id=\"leistungen\">Zur <strong>EDV<\/strong>, heute meist <strong>IT<\/strong> genannt, geh\u00f6ren umfangreiche Kenntnisse und Erfahrungen,<br \/>\ndie sich von Jahrzehnt zu Jahrzehnt und von Jahr zu Jahr stetig erweitern \u2013 und niemals stillstehen.Darum sind <strong>Dokumentationen<\/strong> nicht nur in der IT von gr\u00f6\u00dfter Bedeutung:<br \/>\nSie erm\u00f6glichen einen klaren, strukturierten <strong>\u00dcberblick \u00fcber Netzwerke<\/strong> \u2013 von <strong>Servern<\/strong>, <strong>Routern<\/strong>, <strong>Switches<\/strong> und <strong>Hubs<\/strong><br \/>\n\u00fcber <strong>WLAN-Receiver<\/strong> bis hin zu <strong>Arbeitsplatzrechnern<\/strong>,\u00a0<strong>Notebooks<\/strong>, <strong>Tablets<\/strong> und <strong>Handys<\/strong>.Eine gute Dokumentation muss stets aktuell und auf dem neuesten Stand sein.<br \/>\nAnhand von Baupl\u00e4nen lassen sich Netzwerke nicht nur strukturell \u00fcbersichtlich darstellen,<br \/>\nsondern auch Fehler schneller erkennen und beheben.<br \/>\nDenn nicht jede Hardware l\u00e4uft fehlerfrei \u2013 Ausf\u00e4lle und Probleme geh\u00f6ren zum Alltag.<\/p>\n<p><em>Was n\u00fctzt also ein Glasfasernetz, wenn bei der Verlegung der Leitungen wichtige Details unbeachtet bleiben<br \/>\noder durch mangelnde Weiterbildung und Kostendruck notwendige Schritte ausgelassen werden?<\/em><\/p>\n<h3>Warum Direkter-Service?<\/h3>\n<p>Der <strong>Direkter-Service<\/strong> wurde von Olaf Wiener gegr\u00fcndet, um umfangreiche Kenntnisse aus<br \/>\n<strong>Handwerk, Verkauf, Kundenumgang, Webdesign, Grafik und CAD<\/strong> in einer Person zu vereinen.<br \/>\nAuf den folgenden Seiten finden Sie Beispiele, die diese Vielseitigkeit verdeutlichen.<\/p>\n<h3>Werkzeuge &amp; Kompetenz<\/h3>\n<p>Alle Arbeiten wurden mit <strong>Adobe CC 2025<\/strong> (Photoshop, InDesign, Illustrator),<br \/>\n<strong>MS Office 365<\/strong> (Word, Excel) und <strong>FreeCAD<\/strong> erstellt.<br \/>\nSo erhalten Sie einen umfassenden Einblick in mein K\u00f6nnen \u2013 und dieses K\u00f6nnen k\u00f6nnen Sie selbstverst\u00e4ndlich auch buchen.<\/p>\n<blockquote><p><strong>Direkter-Service:<\/strong> IT &amp; Handwerk aus einer Hand \u2013 zuverl\u00e4ssig, strukturiert und kreativ.<\/p><\/blockquote>\n<\/section>\n","protected":false},"excerpt":{"rendered":"<p>Leistungen Zur EDV, heute meist IT genannt, geh\u00f6ren umfangreiche Kenntnisse und Erfahrungen, die sich von Jahrzehnt zu Jahrzehnt und von Jahr zu Jahr stetig erweitern \u2013 und niemals stillstehen.Darum sind Dokumentationen nicht nur in der IT von gr\u00f6\u00dfter Bedeutung: Sie erm\u00f6glichen einen klaren, strukturierten \u00dcberblick \u00fcber Netzwerke \u2013 von Servern, Routern, Switches und Hubs \u00fcber [&hellip;]<\/p>\n","protected":false},"author":1,"featured_media":0,"parent":0,"menu_order":0,"comment_status":"closed","ping_status":"closed","template":"","meta":{"footnotes":""},"class_list":["post-102","page","type-page","status-publish","hentry","post"],"_links":{"self":[{"href":"https:\/\/direkter-service.de\/index.php\/wp-json\/wp\/v2\/pages\/102","targetHints":{"allow":["GET"]}}],"collection":[{"href":"https:\/\/direkter-service.de\/index.php\/wp-json\/wp\/v2\/pages"}],"about":[{"href":"https:\/\/direkter-service.de\/index.php\/wp-json\/wp\/v2\/types\/page"}],"author":[{"embeddable":true,"href":"https:\/\/direkter-service.de\/index.php\/wp-json\/wp\/v2\/users\/1"}],"replies":[{"embeddable":true,"href":"https:\/\/direkter-service.de\/index.php\/wp-json\/wp\/v2\/comments?post=102"}],"version-history":[{"count":7,"href":"https:\/\/direkter-service.de\/index.php\/wp-json\/wp\/v2\/pages\/102\/revisions"}],"predecessor-version":[{"id":365,"href":"https:\/\/direkter-service.de\/index.php\/wp-json\/wp\/v2\/pages\/102\/revisions\/365"}],"wp:attachment":[{"href":"https:\/\/direkter-service.de\/index.php\/wp-json\/wp\/v2\/media?parent=102"}],"curies":[{"name":"wp","href":"https:\/\/api.w.org\/{rel}","templated":true}]}}